{"id":8829,"date":"2025-02-27T11:06:30","date_gmt":"2025-02-27T11:06:30","guid":{"rendered":"https:\/\/www.hotelvillasirena.menale.com\/obligations-de-transparence-pour-les-decaissements-publics\/"},"modified":"2025-04-14T15:58:19","modified_gmt":"2025-04-14T15:58:19","slug":"obligations-de-transparence-pour-les-decaissements-publics","status":"publish","type":"page","link":"https:\/\/www.hotelvillasirena.menale.com\/fr\/obligations-de-transparence-pour-les-decaissements-publics\/","title":{"rendered":"Obligations de transparence pour les d\u00e9caissements publics"},"content":{"rendered":"\t\t<div data-elementor-type=\"wp-page\" data-elementor-id=\"8829\" class=\"elementor elementor-8829 elementor-5812\" data-elementor-post-type=\"page\">\n\t\t\t\t\t\t<section class=\"elementor-section elementor-top-section elementor-element elementor-element-391197d elementor-section-height-min-height elementor-section-stretched elementor-section-boxed elementor-section-height-default elementor-section-items-middle\" data-id=\"391197d\" data-element_type=\"section\" data-settings=\"{&quot;background_background&quot;:&quot;classic&quot;,&quot;stretch_section&quot;:&quot;section-stretched&quot;}\">\n\t\t\t\t\t\t\t<div class=\"elementor-background-overlay\"><\/div>\n\t\t\t\t\t\t\t<div class=\"elementor-container elementor-column-gap-default\">\n\t\t\t\t\t<div class=\"elementor-column elementor-col-100 elementor-top-column elementor-element elementor-element-f2c3728\" data-id=\"f2c3728\" data-element_type=\"column\">\n\t\t\t<div class=\"elementor-widget-wrap\">\n\t\t\t\t\t\t\t<\/div>\n\t\t<\/div>\n\t\t\t\t\t<\/div>\n\t\t<\/section>\n\t\t\t\t<section class=\"elementor-section elementor-top-section elementor-element elementor-element-795370a elementor-reverse-mobile elementor-section-full_width elementor-section-height-default elementor-section-height-default\" data-id=\"795370a\" data-element_type=\"section\">\n\t\t\t\t\t\t<div class=\"elementor-container elementor-column-gap-default\">\n\t\t\t\t\t<div class=\"elementor-column elementor-col-100 elementor-top-column elementor-element elementor-element-1f669f3\" data-id=\"1f669f3\" data-element_type=\"column\">\n\t\t\t<div class=\"elementor-widget-wrap elementor-element-populated\">\n\t\t\t\t\t\t<div class=\"elementor-element elementor-element-bcd934a elementor-widget elementor-widget-text-editor\" data-id=\"bcd934a\" data-element_type=\"widget\" data-widget_type=\"text-editor.default\">\n\t\t\t\t<div class=\"elementor-widget-container\">\n\t\t\t\t\t\t\t\t\t<p>Exigences de divulgation pour les versements publics : Les aides d&rsquo;\u00c9tat et les aides de minimis re\u00e7ues par notre entreprise figurent dans le registre national des aides d&rsquo;\u00c9tat vis\u00e9 \u00e0 l&rsquo;article 52 de la loi 234\/2012, qui peut \u00eatre consult\u00e9 \u00e0 l&rsquo;adresse suivante : <span style=\"color: #0f4c75;\"><strong><a style=\"color: #0f4c75;\" href=\"https:\/\/www.rna.gov.it\/RegistroNazionaleTrasparenza\/faces\/pages\/TrasparenzaAiuto.jspx\" target=\"_blank\" rel=\"noopener noreferrer\">www.rna.gov.it\/RegistroNazionaleTrasparenza\/faces\/pages\/TrasparenzaAiuto.jspx<\/a><\/strong><\/span><br>Vous pouvez \u00e9galement les consulter en cliquant sur les liens suivants : <\/p><p><span style=\"color: #0f4c75;\"><strong><a style=\"color: #0f4c75;\" href=\"https:\/\/www.hotelvillasirena.it\/wp-content\/uploads\/2024\/10\/VILLA-SIRENA-SNC-2023-aiuti-di-stato.pdf\" target=\"_blank\" rel=\"noopener\">Aide d&rsquo;\u00c9tat 2022<\/a><\/strong><\/span><\/p><p><span style=\"color: #0f4c75;\"><strong><a style=\"color: #0f4c75;\" href=\"\/wp-content\/uploads\/2025\/02\/VILLA-SIRENA-SNC-2023-aiuti-di-stato.pdf\" target=\"_blank\" rel=\"noopener\">Aide d&rsquo;\u00c9tat 2023<\/a><\/strong><\/span><\/p>\t\t\t\t\t\t\t\t<\/div>\n\t\t\t\t<\/div>\n\t\t\t\t\t<\/div>\n\t\t<\/div>\n\t\t\t\t\t<\/div>\n\t\t<\/section>\n\t\t\t\t<section class=\"elementor-section elementor-top-section elementor-element elementor-element-a2a3c4c elementor-section-stretched elementor-section-full_width elementor-section-height-default elementor-section-height-default\" data-id=\"a2a3c4c\" data-element_type=\"section\" data-settings=\"{&quot;stretch_section&quot;:&quot;section-stretched&quot;,&quot;background_background&quot;:&quot;classic&quot;}\">\n\t\t\t\t\t\t<div class=\"elementor-container elementor-column-gap-default\">\n\t\t\t\t\t<div class=\"elementor-column elementor-col-100 elementor-top-column elementor-element elementor-element-5eb6f82\" data-id=\"5eb6f82\" data-element_type=\"column\">\n\t\t\t<div class=\"elementor-widget-wrap\">\n\t\t\t\t\t\t\t<\/div>\n\t\t<\/div>\n\t\t\t\t\t<\/div>\n\t\t<\/section>\n\t\t\t\t<\/div>\n\t\t","protected":false},"excerpt":{"rendered":"<p>Obligations de transparence pour les d\u00e9caissements publics Transparence des subventions publiques Obligations de transparence pour les d\u00e9caissements publics Exigences de divulgation pour les versements publics : Les aides d&rsquo;\u00c9tat et les aides de minimis re\u00e7ues par notre entreprise figurent dans [&hellip;]<\/p>\n","protected":false},"author":1,"featured_media":0,"parent":0,"menu_order":0,"comment_status":"closed","ping_status":"closed","template":"elementor_header_footer","meta":{"footnotes":""},"class_list":["post-8829","page","type-page","status-publish","hentry"],"_links":{"self":[{"href":"https:\/\/www.hotelvillasirena.menale.com\/fr\/wp-json\/wp\/v2\/pages\/8829","targetHints":{"allow":["GET"]}}],"collection":[{"href":"https:\/\/www.hotelvillasirena.menale.com\/fr\/wp-json\/wp\/v2\/pages"}],"about":[{"href":"https:\/\/www.hotelvillasirena.menale.com\/fr\/wp-json\/wp\/v2\/types\/page"}],"author":[{"embeddable":true,"href":"https:\/\/www.hotelvillasirena.menale.com\/fr\/wp-json\/wp\/v2\/users\/1"}],"replies":[{"embeddable":true,"href":"https:\/\/www.hotelvillasirena.menale.com\/fr\/wp-json\/wp\/v2\/comments?post=8829"}],"version-history":[{"count":4,"href":"https:\/\/www.hotelvillasirena.menale.com\/fr\/wp-json\/wp\/v2\/pages\/8829\/revisions"}],"predecessor-version":[{"id":9587,"href":"https:\/\/www.hotelvillasirena.menale.com\/fr\/wp-json\/wp\/v2\/pages\/8829\/revisions\/9587"}],"wp:attachment":[{"href":"https:\/\/www.hotelvillasirena.menale.com\/fr\/wp-json\/wp\/v2\/media?parent=8829"}],"curies":[{"name":"wp","href":"https:\/\/api.w.org\/{rel}","templated":true}]}}