{"id":8878,"date":"2025-01-31T19:53:24","date_gmt":"2025-01-31T19:53:24","guid":{"rendered":"https:\/\/www.hotelvillasirena.menale.com\/galerie\/"},"modified":"2025-04-16T15:30:21","modified_gmt":"2025-04-16T15:30:21","slug":"galerie-photos-hotel-villa-sirena-casamicciola-terme-ischia","status":"publish","type":"page","link":"https:\/\/www.hotelvillasirena.menale.com\/fr\/galerie-photos-hotel-villa-sirena-casamicciola-terme-ischia\/","title":{"rendered":"Galerie"},"content":{"rendered":"\t\t<div data-elementor-type=\"wp-page\" data-elementor-id=\"8878\" class=\"elementor elementor-8878 elementor-3709\" data-elementor-post-type=\"page\">\n\t\t\t\t\t\t<section class=\"elementor-section elementor-top-section elementor-element elementor-element-71057e9 elementor-section-height-min-height elementor-section-stretched elementor-section-boxed elementor-section-height-default elementor-section-items-middle\" data-id=\"71057e9\" data-element_type=\"section\" data-settings=\"{&quot;background_background&quot;:&quot;classic&quot;,&quot;stretch_section&quot;:&quot;section-stretched&quot;}\">\n\t\t\t\t\t\t\t<div class=\"elementor-background-overlay\"><\/div>\n\t\t\t\t\t\t\t<div class=\"elementor-container elementor-column-gap-default\">\n\t\t\t\t\t<div class=\"elementor-column elementor-col-100 elementor-top-column elementor-element elementor-element-0b7a329\" data-id=\"0b7a329\" data-element_type=\"column\">\n\t\t\t<div class=\"elementor-widget-wrap\">\n\t\t\t\t\t\t\t<\/div>\n\t\t<\/div>\n\t\t\t\t\t<\/div>\n\t\t<\/section>\n\t\t\t\t<section class=\"elementor-section elementor-top-section elementor-element elementor-element-35b31f4c elementor-section-boxed elementor-section-height-default elementor-section-height-default\" data-id=\"35b31f4c\" data-element_type=\"section\">\n\t\t\t\t\t\t<div class=\"elementor-container elementor-column-gap-default\">\n\t\t\t\t\t<div class=\"elementor-column elementor-col-100 elementor-top-column elementor-element elementor-element-457b514e\" data-id=\"457b514e\" data-element_type=\"column\">\n\t\t\t<div class=\"elementor-widget-wrap elementor-element-populated\">\n\t\t\t\t\t\t<div class=\"elementor-element elementor-element-64b3953 elementor-widget elementor-widget-heading\" data-id=\"64b3953\" data-element_type=\"widget\" data-widget_type=\"heading.default\">\n\t\t\t\t<div class=\"elementor-widget-container\">\n\t\t\t\t\t<h2 class=\"elementor-heading-title elementor-size-default\">STRUCTURE<\/h2>\t\t\t\t<\/div>\n\t\t\t\t<\/div>\n\t\t\t\t<div class=\"elementor-element elementor-element-ac9515c elementor-widget elementor-widget-text-editor\" data-id=\"ac9515c\" data-element_type=\"widget\" data-widget_type=\"text-editor.default\">\n\t\t\t\t<div class=\"elementor-widget-container\">\n\t\t\t\t\t\t\t\t\t<p class=\"whitespace-pre-wrap break-words\">Entre le vert du mont Epomeo et le bleu de la mer, la Villa Sirena vous accueille dans une oasis de tranquillit\u00e9 o\u00f9 chaque recoin raconte notre histoire d&rsquo;hospitalit\u00e9.<\/p>\t\t\t\t\t\t\t\t<\/div>\n\t\t\t\t<\/div>\n\t\t\t\t\t<\/div>\n\t\t<\/div>\n\t\t\t\t\t<\/div>\n\t\t<\/section>\n\t\t\t\t<section class=\"elementor-section elementor-top-section elementor-element elementor-element-a42bbac elementor-section-boxed elementor-section-height-default elementor-section-height-default\" data-id=\"a42bbac\" data-element_type=\"section\">\n\t\t\t\t\t\t<div class=\"elementor-container elementor-column-gap-default\">\n\t\t\t\t\t<div class=\"elementor-column elementor-col-100 elementor-top-column elementor-element elementor-element-83296d9\" data-id=\"83296d9\" data-element_type=\"column\">\n\t\t\t<div class=\"elementor-widget-wrap elementor-element-populated\">\n\t\t\t\t\t\t<div class=\"elementor-element elementor-element-8310a0f elementor-widget elementor-widget-heading\" data-id=\"8310a0f\" data-element_type=\"widget\" data-widget_type=\"heading.default\">\n\t\t\t\t<div class=\"elementor-widget-container\">\n\t\t\t\t\t<h2 class=\"elementor-heading-title elementor-size-default\">CHAMBRES<\/h2>\t\t\t\t<\/div>\n\t\t\t\t<\/div>\n\t\t\t\t<div class=\"elementor-element elementor-element-31cb1a3 elementor-widget elementor-widget-text-editor\" data-id=\"31cb1a3\" data-element_type=\"widget\" data-widget_type=\"text-editor.default\">\n\t\t\t\t<div class=\"elementor-widget-container\">\n\t\t\t\t\t\t\t\t\t<p class=\"whitespace-pre-wrap break-words\">Les photos montrent diff\u00e9rents types de chambres, chacune avec ses propres caract\u00e9ristiques. Nous vous invitons \u00e0 d\u00e9couvrir tous les d\u00e9tails et les particularit\u00e9s de chaque logement dans la section consacr\u00e9e \u00e0 nos chambres. <\/p>\t\t\t\t\t\t\t\t<\/div>\n\t\t\t\t<\/div>\n\t\t\t\t\t<\/div>\n\t\t<\/div>\n\t\t\t\t\t<\/div>\n\t\t<\/section>\n\t\t\t\t<section class=\"elementor-section elementor-top-section elementor-element elementor-element-bfe0beb elementor-section-boxed elementor-section-height-default elementor-section-height-default\" data-id=\"bfe0beb\" data-element_type=\"section\">\n\t\t\t\t\t\t<div class=\"elementor-container elementor-column-gap-default\">\n\t\t\t\t\t<div class=\"elementor-column elementor-col-100 elementor-top-column elementor-element elementor-element-8c83cb4\" data-id=\"8c83cb4\" data-element_type=\"column\">\n\t\t\t<div class=\"elementor-widget-wrap elementor-element-populated\">\n\t\t\t\t\t\t<div class=\"elementor-element elementor-element-6194998 elementor-widget elementor-widget-heading\" data-id=\"6194998\" data-element_type=\"widget\" data-widget_type=\"heading.default\">\n\t\t\t\t<div class=\"elementor-widget-container\">\n\t\t\t\t\t<h2 class=\"elementor-heading-title elementor-size-default\">SPAS, SPAS ET BIEN-\u00caTRE<\/h2>\t\t\t\t<\/div>\n\t\t\t\t<\/div>\n\t\t\t\t<div class=\"elementor-element elementor-element-19fd21f elementor-widget elementor-widget-text-editor\" data-id=\"19fd21f\" data-element_type=\"widget\" data-widget_type=\"text-editor.default\">\n\t\t\t\t<div class=\"elementor-widget-container\">\n\t\t\t\t\t\t\t\t\t<p class=\"whitespace-pre-wrap break-words\">Depuis 1700, nos eaux thermales sont source de bien-\u00eatre et de s\u00e9r\u00e9nit\u00e9. Un voyage dans des espaces d\u00e9di\u00e9s \u00e0 la d\u00e9tente o\u00f9 le temps ralentit et o\u00f9 le bien-\u00eatre devient un art. <\/p>\t\t\t\t\t\t\t\t<\/div>\n\t\t\t\t<\/div>\n\t\t\t\t\t<\/div>\n\t\t<\/div>\n\t\t\t\t\t<\/div>\n\t\t<\/section>\n\t\t\t\t<section class=\"elementor-section elementor-top-section elementor-element elementor-element-e9ca8a5 elementor-section-boxed elementor-section-height-default elementor-section-height-default\" data-id=\"e9ca8a5\" data-element_type=\"section\">\n\t\t\t\t\t\t<div class=\"elementor-container elementor-column-gap-default\">\n\t\t\t\t\t<div class=\"elementor-column elementor-col-100 elementor-top-column elementor-element elementor-element-9d101c8\" data-id=\"9d101c8\" data-element_type=\"column\">\n\t\t\t<div class=\"elementor-widget-wrap elementor-element-populated\">\n\t\t\t\t\t\t<div class=\"elementor-element elementor-element-9e65580 elementor-widget elementor-widget-heading\" data-id=\"9e65580\" data-element_type=\"widget\" data-widget_type=\"heading.default\">\n\t\t\t\t<div class=\"elementor-widget-container\">\n\t\t\t\t\t<h2 class=\"elementor-heading-title elementor-size-default\">Moments de go\u00fbt<\/h2>\t\t\t\t<\/div>\n\t\t\t\t<\/div>\n\t\t\t\t<div class=\"elementor-element elementor-element-76e07bd elementor-widget elementor-widget-text-editor\" data-id=\"76e07bd\" data-element_type=\"widget\" data-widget_type=\"text-editor.default\">\n\t\t\t\t<div class=\"elementor-widget-container\">\n\t\t\t\t\t\t\t\t\t<p class=\"whitespace-pre-wrap break-words\">De notre cuisine \u00e0 votre table, chaque plat raconte une histoire de tradition et de cr\u00e9ativit\u00e9. D\u00e9couvrez l&rsquo;exp\u00e9rience gastronomique de la Villa Sirena, o\u00f9 les saveurs authentiques de l&rsquo;\u00eele rencontrent la passion de notre chef. <\/p>\t\t\t\t\t\t\t\t<\/div>\n\t\t\t\t<\/div>\n\t\t\t\t\t<\/div>\n\t\t<\/div>\n\t\t\t\t\t<\/div>\n\t\t<\/section>\n\t\t\t\t<section class=\"elementor-section elementor-top-section elementor-element elementor-element-c941e87 elementor-section-boxed elementor-section-height-default elementor-section-height-default\" data-id=\"c941e87\" data-element_type=\"section\" data-settings=\"{&quot;background_background&quot;:&quot;classic&quot;}\">\n\t\t\t\t\t\t<div class=\"elementor-container elementor-column-gap-default\">\n\t\t\t\t\t<div class=\"elementor-column elementor-col-100 elementor-top-column elementor-element elementor-element-4e9f19c\" data-id=\"4e9f19c\" data-element_type=\"column\">\n\t\t\t<div class=\"elementor-widget-wrap\">\n\t\t\t\t\t\t\t<\/div>\n\t\t<\/div>\n\t\t\t\t\t<\/div>\n\t\t<\/section>\n\t\t<div class=\"elementor-element elementor-element-606c749f e-flex e-con-boxed e-con e-parent\" data-id=\"606c749f\" data-element_type=\"container\" data-settings=\"{&quot;background_background&quot;:&quot;classic&quot;}\">\n\t\t\t\t\t<div class=\"e-con-inner\">\n\t\t<div class=\"elementor-element elementor-element-bf337c6 e-con-full e-flex e-con e-child\" data-id=\"bf337c6\" data-element_type=\"container\">\n\t\t\t\t<div class=\"elementor-element elementor-element-6f168003 elementor-widget__width-initial elementor-widget elementor-widget-text-editor\" data-id=\"6f168003\" data-element_type=\"widget\" data-widget_type=\"text-editor.default\">\n\t\t\t\t<div class=\"elementor-widget-container\">\n\t\t\t\t\t\t\t\t\t<p>La Villa Sirena vous accueille dans un coin privil\u00e9gi\u00e9 d&rsquo;Ischia, o\u00f9 le vert de la nature embrasse le bleu de la mer. \u00c0 quelques pas du village caract\u00e9ristique de Lacco Ameno et de la splendide baie de San Montano, notre h\u00f4tel est le point de d\u00e9part id\u00e9al pour explorer l&rsquo;\u00eele. Et gr\u00e2ce \u00e0 notre <span style=\"color: #0f4c75;\"><strong>service de navette gratuit <\/strong><\/span>toutes les destinations sont \u00e0 port\u00e9e de main.<\/p>\t\t\t\t\t\t\t\t<\/div>\n\t\t\t\t<\/div>\n\t\t\t\t<\/div>\n\t\t<div class=\"elementor-element elementor-element-60dc7dcd e-con-full e-flex e-con e-child\" data-id=\"60dc7dcd\" data-element_type=\"container\">\n\t\t\t\t<div class=\"elementor-element elementor-element-9234b54 elementor-widget__width-auto elementor-align-center elementor-widget elementor-widget-button\" data-id=\"9234b54\" data-element_type=\"widget\" data-widget_type=\"button.default\">\n\t\t\t\t<div class=\"elementor-widget-container\">\n\t\t\t\t\t\t\t\t\t<div class=\"elementor-button-wrapper\">\n\t\t\t\t\t<a class=\"elementor-button elementor-button-link elementor-size-sm\" href=\"https:\/\/booking.passepartout.cloud\/booking?oidPortale=10219&#038;lingua=fr&#038;arrivo=&#038;partenza=&#038;camere=%C2%A0\" target=\"_blank\">\n\t\t\t\t\t\t<span class=\"elementor-button-content-wrapper\">\n\t\t\t\t\t\t\t\t\t<span class=\"elementor-button-text\">LIVRE AU MEILLEUR PRIX<\/span>\n\t\t\t\t\t<\/span>\n\t\t\t\t\t<\/a>\n\t\t\t\t<\/div>\n\t\t\t\t\t\t\t\t<\/div>\n\t\t\t\t<\/div>\n\t\t\t\t<\/div>\n\t\t\t\t\t<\/div>\n\t\t\t\t<\/div>\n\t\t\t\t<\/div>\n\t\t","protected":false},"excerpt":{"rendered":"<p>Chaque image, une promesse de s\u00e9r\u00e9nit\u00e9 Galerie STRUCTURE Entre le vert du mont Epomeo et le bleu de la mer, la Villa Sirena vous accueille dans une oasis de tranquillit\u00e9 o\u00f9 chaque recoin raconte notre histoire d&rsquo;hospitalit\u00e9. CHAMBRES Les photos [&hellip;]<\/p>\n","protected":false},"author":1,"featured_media":0,"parent":0,"menu_order":0,"comment_status":"closed","ping_status":"closed","template":"elementor_header_footer","meta":{"footnotes":""},"class_list":["post-8878","page","type-page","status-publish","hentry"],"_links":{"self":[{"href":"https:\/\/www.hotelvillasirena.menale.com\/fr\/wp-json\/wp\/v2\/pages\/8878","targetHints":{"allow":["GET"]}}],"collection":[{"href":"https:\/\/www.hotelvillasirena.menale.com\/fr\/wp-json\/wp\/v2\/pages"}],"about":[{"href":"https:\/\/www.hotelvillasirena.menale.com\/fr\/wp-json\/wp\/v2\/types\/page"}],"author":[{"embeddable":true,"href":"https:\/\/www.hotelvillasirena.menale.com\/fr\/wp-json\/wp\/v2\/users\/1"}],"replies":[{"embeddable":true,"href":"https:\/\/www.hotelvillasirena.menale.com\/fr\/wp-json\/wp\/v2\/comments?post=8878"}],"version-history":[{"count":7,"href":"https:\/\/www.hotelvillasirena.menale.com\/fr\/wp-json\/wp\/v2\/pages\/8878\/revisions"}],"predecessor-version":[{"id":9928,"href":"https:\/\/www.hotelvillasirena.menale.com\/fr\/wp-json\/wp\/v2\/pages\/8878\/revisions\/9928"}],"wp:attachment":[{"href":"https:\/\/www.hotelvillasirena.menale.com\/fr\/wp-json\/wp\/v2\/media?parent=8878"}],"curies":[{"name":"wp","href":"https:\/\/api.w.org\/{rel}","templated":true}]}}